{"id":67,"date":"2016-04-17T18:30:08","date_gmt":"2016-04-17T17:30:08","guid":{"rendered":"http:\/\/acvane.com\/?page_id=67"},"modified":"2020-03-04T16:31:12","modified_gmt":"2020-03-04T15:31:12","slug":"les-activites-passees","status":"publish","type":"page","link":"https:\/\/acvane.com\/?page_id=67","title":{"rendered":"les activit\u00e9s pass\u00e9es"},"content":{"rendered":"<div class=\"entry-content\">\n<p><strong>\u00a0<\/strong><strong>5 et 6 octobre\u2026 Saint-Michel de la Pierre (50)<br \/>\n<\/strong><strong><a href=\"https:\/\/acvane.com\/wp-content\/uploads\/2019\/10\/RANDONNEE-OCTOBRE-2019-deSTMichel-de-le-Pierre.pdf\">Le programme<\/a><br \/>\n<\/strong><strong>(ACVA\u00a0: Nelly et Michel)<\/strong><\/p>\n<p><a href=\"https:\/\/acvane.com\/wp-content\/uploads\/2019\/06\/Hocquigny-programme-randonn\u00e9e.pdf\">Hocquigny programme randonn\u00e9e<\/a><br \/>\nle CADRAN SOLAIRE<br \/>\n<a href=\"https:\/\/acvane.com\/wp-content\/uploads\/2019\/06\/Plan-HOCQUIGNY-scanne.pdf\">Plan HOCQUIGNY scanne<\/a><br \/>\n(ACVA Annick et Rolland)<\/p>\n<p><strong>15 et 16 septembre 2018\u00a0 \u00a0 \u00a0 \u00a0 \u00a0 \u00a0 \u00a0 \u00a0 \u00a0 \u00a0 IL CHANTE \u00ab\u00a0MONTPINCHON\u00a0\u00bb<\/strong><\/p>\n<p style=\"padding-left: 30px;\">Randonn\u00e9e organis\u00e9e en partenariat avec l&rsquo;association \u00ab\u00a0Chemins Verts\u00a0\u00bb et la commune de Montpinchon.<\/p>\n<p><img loading=\"lazy\" decoding=\"async\" class=\"size-medium wp-image-291 aligncenter\" src=\"https:\/\/acvane.com\/wp-content\/uploads\/2019\/01\/Montpinchon-2018-300x224.jpg\" alt=\"\" width=\"300\" height=\"224\" srcset=\"https:\/\/acvane.com\/wp-content\/uploads\/2019\/01\/Montpinchon-2018-300x224.jpg 300w, https:\/\/acvane.com\/wp-content\/uploads\/2019\/01\/Montpinchon-2018-768x575.jpg 768w, https:\/\/acvane.com\/wp-content\/uploads\/2019\/01\/Montpinchon-2018-1024x766.jpg 1024w, https:\/\/acvane.com\/wp-content\/uploads\/2019\/01\/Montpinchon-2018-1200x898.jpg 1200w\" sizes=\"auto, (max-width: 300px) 85vw, 300px\" \/><\/p>\n<p><a href=\"https:\/\/acvane.com\/wp-content\/uploads\/2019\/01\/MONTPINCHON-programme-randonn\u00e9e.pdf\">Compte-Rendu<\/a><\/p>\n<hr \/>\n<p><strong>13 et 14 mai<\/strong><strong>\u00a0 2017 \u00a0&lt;&lt;\u00a0\u00bb Entre Moines et Loups\u00a0\u00bb\u00a0<\/strong><strong>\u00a0Saint-Pierre Langers (50)<\/strong><\/p>\n<p><a href=\"https:\/\/acvane.com\/wp-content\/uploads\/2017\/07\/CR-ST-PIERRE-2017.pdf\">Compte-Rendu<\/a><\/p>\n<hr \/>\n<p><strong>1<sup>er<\/sup> et 2 avril<\/strong><strong>\u00a0 2016 \u00ab\u00a0Au pays du granit\u00a0\u00bb, Saint-Michel de Montjoie (50)<\/strong><\/p>\n<p><img loading=\"lazy\" decoding=\"async\" class=\"wp-image-238 alignleft\" src=\"https:\/\/acvane.com\/wp-content\/uploads\/2017\/04\/poisson-davril-e1491081907543-300x194.jpg\" alt=\"\" width=\"204\" height=\"132\" srcset=\"https:\/\/acvane.com\/wp-content\/uploads\/2017\/04\/poisson-davril-e1491081907543-300x194.jpg 300w, https:\/\/acvane.com\/wp-content\/uploads\/2017\/04\/poisson-davril-e1491081907543.jpg 594w\" sizes=\"auto, (max-width: 204px) 85vw, 204px\" \/>Samedi apr\u00e8s-midi, petite randonn\u00e9e, visite du mus\u00e9e du granit, d\u00e9monstration de taille de granit par 2 granitiers.<br \/>\nDimanche, randonn\u00e9e de 16 km.<br \/>\n<em>Organisation<\/em>\u00a0: Annick et Roland.<\/p>\n<p>plus de d\u00e9tails, cliquer <a href=\"https:\/\/acvane.com\/wp-content\/uploads\/2017\/04\/programme-randonn\u00e9e-St-Michel-de-Montjoie.pdf\">ici<\/a><\/p>\n<p><a href=\"https:\/\/acvane.com\/?p=115\">RANDONNEE\u00a0des 8 et 9 OCT. 2016\u00ab\u00a0SUR LES PAS DU VERDIER DE LA BERENCE\u00a0\u00bb<\/a><br \/>\nLE MESNIL GARNIER (Samedi) et GAVRAY (Dimanche)<br \/>\n<a href=\"https:\/\/acvane.com\/wp-content\/uploads\/2016\/04\/Affiche-\u00e2ne-5.pdf\">Affiche randonn\u00e9e Rand&rsquo;Oc\u00e9ane 13 mars 2016<br \/>\n<\/a><a href=\"https:\/\/acvane.com\/wp-content\/uploads\/2016\/04\/2015.09.13-Route-n\u00b01.-compte-rendu.pdf\">Compte-rendu route de chiffonniers ao\u00fbt 2015<\/a><\/p>\n<\/div>\n","protected":false},"excerpt":{"rendered":"<p>\u00a05 et 6 octobre\u2026 Saint-Michel de la Pierre (50) Le programme (ACVA\u00a0: Nelly et Michel) Hocquigny programme randonn\u00e9e le CADRAN SOLAIRE Plan HOCQUIGNY scanne (ACVA Annick et Rolland) 15 et 16 septembre 2018\u00a0 \u00a0 \u00a0 \u00a0 \u00a0 \u00a0 \u00a0 \u00a0 \u00a0 \u00a0 IL CHANTE \u00ab\u00a0MONTPINCHON\u00a0\u00bb Randonn\u00e9e organis\u00e9e en partenariat avec l&rsquo;association \u00ab\u00a0Chemins Verts\u00a0\u00bb et la &hellip; <a href=\"https:\/\/acvane.com\/?page_id=67\" class=\"more-link\">Continuer la lecture<span class=\"screen-reader-text\"> de &laquo;&nbsp;les activit\u00e9s pass\u00e9es&nbsp;&raquo;<\/span><\/a><\/p>\n","protected":false},"author":1,"featured_media":0,"parent":0,"menu_order":0,"comment_status":"closed","ping_status":"closed","template":"","meta":{"footnotes":""},"class_list":["post-67","page","type-page","status-publish","hentry"],"_links":{"self":[{"href":"https:\/\/acvane.com\/index.php?rest_route=\/wp\/v2\/pages\/67","targetHints":{"allow":["GET"]}}],"collection":[{"href":"https:\/\/acvane.com\/index.php?rest_route=\/wp\/v2\/pages"}],"about":[{"href":"https:\/\/acvane.com\/index.php?rest_route=\/wp\/v2\/types\/page"}],"author":[{"embeddable":true,"href":"https:\/\/acvane.com\/index.php?rest_route=\/wp\/v2\/users\/1"}],"replies":[{"embeddable":true,"href":"https:\/\/acvane.com\/index.php?rest_route=%2Fwp%2Fv2%2Fcomments&post=67"}],"version-history":[{"count":13,"href":"https:\/\/acvane.com\/index.php?rest_route=\/wp\/v2\/pages\/67\/revisions"}],"predecessor-version":[{"id":358,"href":"https:\/\/acvane.com\/index.php?rest_route=\/wp\/v2\/pages\/67\/revisions\/358"}],"wp:attachment":[{"href":"https:\/\/acvane.com\/index.php?rest_route=%2Fwp%2Fv2%2Fmedia&parent=67"}],"curies":[{"name":"wp","href":"https:\/\/api.w.org\/{rel}","templated":true}]}}