{"id":60,"date":"2016-04-17T18:23:20","date_gmt":"2016-04-17T17:23:20","guid":{"rendered":"http:\/\/acvane.com\/?page_id=60"},"modified":"2024-05-07T18:38:09","modified_gmt":"2024-05-07T16:38:09","slug":"les-activites","status":"publish","type":"page","link":"https:\/\/acvane.com\/?page_id=60","title":{"rendered":"les activit\u00e9s \u00e0 venir"},"content":{"rendered":"<h4><\/h4>\n<h4><span style=\"color: #0000ff;\">Les randonn\u00e9es \u00e0 venir en 2024<\/span><\/h4>\n<p><strong><em>Suite \u00e0 l\u2019Assembl\u00e9e G\u00e9n\u00e9rale de 2024<br \/>\n<\/em><\/strong><strong>Programme des randonn\u00e9es 2024<\/strong><\/p>\n<p><strong><span style=\"text-decoration: line-through;\">27et 28 avril<\/span><\/strong><strong>,(<span style=\"color: #ff6600;\">annul\u00e9<\/span>) \u00a0<u>GOUVETS<\/u> (50420), samedi apr\u00e8s-midi, environ 9 km, table d\u2019orientation de St-Vigor des Monts, repas du soir (traiteur), dimanche 12 km, pique-nique sorti du sac. <em><u>Organisation<\/u><\/em>\u00a0: Annick et Roland<\/strong><\/p>\n<p><strong>25 et 26 mai<\/strong><strong>, <u>PONT-FARCY<\/u> (50420), samedi apr\u00e8s-midi 10 km, petit bonjour \u00e0 MARPA Jardin Secret (r\u00e9sidence de seniors) repas du soir (traiteur), dimanche 14 km, Tessy-Bocage, visite d\u2019UTOPIK, pique-nique sur les bords de la Vire. <em><u>Organisation<\/u><\/em><u>\u00a0<\/u>: Annick et Roland.<\/strong><\/p>\n<p><strong>8 juillet\u00a0<\/strong><strong>: Arts et Sentiers, <u>NOTRE-DAME du TOUCHET<\/u> (50140), (\u00e0 l\u2019ouest de Mortain sur les bords de la S\u00e9lune), 5 km environ.<\/strong><\/p>\n<p><strong>Journ\u00e9e amicale sans \u00e2nes, rendez-vous \u00e0 12 heures \u00e0 l\u2019aire de pique-nique, <em><u>Organisation<\/u><\/em><u>\u00a0<\/u>: R\u00e9gine et Jacques.<\/strong><\/p>\n<p><strong>28 et 29 septembre\u00a0<\/strong><strong>: <u>LE GRIPPON<\/u> (50320)\u00a0: si vous le souhaitez avec l\u2019association locale, samedi matin randonn\u00e9e de 11 km, boucle \u00e0 La Rochelle Normande. <\/strong><\/p>\n<p><strong>CHAMPCERVON, samedi midi ap\u00e9ritif et pique-nique sorti du sac. Samedi apr\u00e8s-midi, 6 km par l\u2019ACVA. Soir, repas traiteur (ACVA).<\/strong><\/p>\n<p><strong>Dimanche, boucle autour de Champcervon de 11 km, pique-nique sorti du sac. <em><u>Organisation<\/u><\/em>\u00a0: R\u00e9gine, Jacques et compagnie (la bonne \u00e9quipe). <\/strong><\/p>\n<p><strong><em>Les programmes d\u00e9taill\u00e9s de ces randonn\u00e9es vous seront envoy\u00e9s ult\u00e9rieurement avec la pr\u00e9sentation habituelle.<\/em><\/strong><\/p>\n<h4><span style=\"color: #0000ff;\">Les randonn\u00e9es \u00e0 venir en 2023<\/span><\/h4>\n<p>\uf0fc 13 et 14 mai, \u00e0 \u00ab Beslon \u00bb (50), organisation Chantal et Philippe.<\/p>\n<p>\uf0fc 1er juillet, au \u00ab Mesnil-Ozenne \u00bb (50), \u00ab ART et SENTIERS, organisation Annick et Roland.<\/p>\n<p>\uf0fc 16 et 17 septembre, \u00e0 \u00ab Contri\u00e8res \u00bb (50), organisation \u00ab Le Club des 5 \u00bb. \uf0fc Nelly et Michel ne sont pas dans la possibilit\u00e9 d\u2019organiser une randonn\u00e9e cette ann\u00e9e, ils proposent de reporter cette organisation \u00e0 l\u2019an prochain.<\/p>\n<p>\uf0fc Christel et Franck, nous font part des randonn\u00e9es qu\u2019organisera l\u2019Association de l\u2019Ane du Cotentin en 2023 : une dans l\u2019Eure, une dans la Manche et une dans les C\u00f4tes d\u2019Armor. Nous pouvons pour celles et ceux qui le souhaitent se joindre \u00e0 eux.<\/p>\n<h4><span style=\"color: #0000ff;\">Les randonn\u00e9es \u00e0 venir en 2022<\/span><\/h4>\n<p><span style=\"color: #ff0000;\">Randonn\u00e9e 3 et 4 septembre Le GRIPPON<\/span>\u00ab\u00a0Champcervon et les Chambres\u00a0\u00bb<\/p>\n<p><a href=\"https:\/\/acvane.com\/wp-content\/uploads\/2022\/08\/GRIPPON-programme-randonnee-2.pdf\">la fiche ici<\/a><\/p>\n<p style=\"text-align: center;\"><span style=\"color: #ff0000;\">Samedi 3 septembre<\/span> :<\/p>\n<p>Rendez-vous \u00e0 Champcervon (50320), parking de la mairie \u00e0 13 heures 30<br \/>\nRandonn\u00e9e, \u00ab autour de Lolif \u00bb, 8 km environ, retour vers 18.30 heures.<\/p>\n<p>Mise au champ des \u00e2nes.<\/p>\n<p>Accueil par les \u00e9lus et pr\u00e9sentation de la commune.<\/p>\n<p>Repas sous chapiteau :<br \/>\nAp\u00e9ritif.<\/p>\n<p>Repas pr\u00e9par\u00e9 par un traiteur, (apporter vos couverts, vos bols et les liquides habituels).<\/p>\n<p>Apporter de la BONNE HUMEUR<\/p>\n<p>(si vous \u00eates chanteuse, chanteur, conteuse, conteur ou si poss\u00e9dez d\u2019autres talents, ne les cachez pas, partagez, nous<\/p>\n<p>aimons la convivialit\u00e9, l\u2019humour, la gaiet\u00e9&#8230;)<br \/>\n(N\u2019oubliez pas votre couchage&#8230;hi. hi&#8230;)<\/p>\n<p>Pr\u00e9voir une lampe de poche pour le trajet du chapiteau au parking.<\/p>\n<p>Dans les communes environnantes, g\u00eetes, chambres d\u2019h\u00f4tes, \u00e0 vous de les retenir (Office de<\/p>\n<p>Tourisme de La Haye-Pesnel).<br \/>\nBonne nuit et au&#8230;<\/p>\n<p style=\"text-align: center;\"><span style=\"color: #ff0000;\">Dimanche 4 septembre :<\/span><\/p>\n<p>Lever au chant du coq, petit d\u00e9jeuner<br \/>\nD\u00e9part \u00e0 9 heures, randonn\u00e9e environ 15 km.<br \/>\nPique-nique sorti du sac.<\/p>\n<p>Retour au Grippon vers 18 heures o\u00f9 nous prendrons le pot de l\u2019au-revoir&#8230;<br \/>\nNous vous serions reconnaissants de bien vouloir nous r\u00e9pondre :<\/p>\n<p>avant le 15 ao\u00fbt.<\/p>\n<p>date butoir imp\u00e9rative (afin de confirmer le nombre de repas au traiteur).<br \/>\nIl en est de m\u00eame si vous ne venez pas (r\u00e9pondre par courriel ou par sms).<br \/>\nCo\u00fbt : &#8211; salle, herbage (gratuit)<br \/>\n&#8211; repas samedi soir : environ 15.00 \u20ac<br \/>\n&#8211; petit-d\u00e9jeuner : \u00e0 la charge de chacun<br \/>\n&#8211; ap\u00e9ritif et pot de l\u2019au-revoir : offerts par l\u2019ACVA<\/p>\n<p>R\u00e8glement par ch\u00e8que au nom de l\u2019ACVA, (sur place).<\/p>\n<p>Les personnes non adh\u00e9rentes \u00e0 l\u2019ACVA devront s\u2019acquitter de 2.00 \u20ac par personne adulte.<br \/>\nLes enfants devront porter un casque ou une bombe, ne sont admis mont\u00e9s sur les \u00e2nes que les<\/p>\n<p>enfants \u00e0 partir de 6 ans (conditions de l\u2019assureur).<\/p>\n<p>Acc\u00e8s : \u00e0 partir de l\u2019A 84 sortie 37, prendre la D 924, direction Granville, Beauchamps.<br \/>\nCarrefour du Scion prendre La Haye-Pesnel, Champcervon \u00ab commune du Grippon \u00bb<br \/>\nN\u2019h\u00e9sitez pas \u00e0 nous contacter : R\u00e9gine : 06 11 25 13 36,<\/p>\n<p>jacfontenelle@wanadoo.fr<br \/>\nAsinement v\u00f4tre.<br \/>\nR\u00e9gine et Jacques<br \/>\nNous communiquer par courriel :<br \/>\nsamedi : nombre d\u2019adultes, nombre d\u2019enfants, nombre d\u2019\u00e2nes, nombre de repas et de couchages.<\/p>\n<p>dimanche : nombre d\u2019adultes, nombre d\u2019enfants, nombre d\u2019\u00e2nes.<\/p>\n<p>le Pr\u00e9sident<br \/>\nRoland GEORGES.<\/p>\n","protected":false},"excerpt":{"rendered":"<p>Les randonn\u00e9es \u00e0 venir en 2024 Suite \u00e0 l\u2019Assembl\u00e9e G\u00e9n\u00e9rale de 2024 Programme des randonn\u00e9es 2024 27et 28 avril,(annul\u00e9) \u00a0GOUVETS (50420), samedi apr\u00e8s-midi, environ 9 km, table d\u2019orientation de St-Vigor des Monts, repas du soir (traiteur), dimanche 12 km, pique-nique sorti du sac. Organisation\u00a0: Annick et Roland 25 et 26 mai, PONT-FARCY (50420), samedi apr\u00e8s-midi &hellip; <a href=\"https:\/\/acvane.com\/?page_id=60\" class=\"more-link\">Continuer la lecture<span class=\"screen-reader-text\"> de &laquo;&nbsp;les activit\u00e9s \u00e0 venir&nbsp;&raquo;<\/span><\/a><\/p>\n","protected":false},"author":1,"featured_media":0,"parent":67,"menu_order":0,"comment_status":"closed","ping_status":"closed","template":"","meta":{"footnotes":""},"class_list":["post-60","page","type-page","status-publish","hentry"],"_links":{"self":[{"href":"https:\/\/acvane.com\/index.php?rest_route=\/wp\/v2\/pages\/60","targetHints":{"allow":["GET"]}}],"collection":[{"href":"https:\/\/acvane.com\/index.php?rest_route=\/wp\/v2\/pages"}],"about":[{"href":"https:\/\/acvane.com\/index.php?rest_route=\/wp\/v2\/types\/page"}],"author":[{"embeddable":true,"href":"https:\/\/acvane.com\/index.php?rest_route=\/wp\/v2\/users\/1"}],"replies":[{"embeddable":true,"href":"https:\/\/acvane.com\/index.php?rest_route=%2Fwp%2Fv2%2Fcomments&post=60"}],"version-history":[{"count":47,"href":"https:\/\/acvane.com\/index.php?rest_route=\/wp\/v2\/pages\/60\/revisions"}],"predecessor-version":[{"id":403,"href":"https:\/\/acvane.com\/index.php?rest_route=\/wp\/v2\/pages\/60\/revisions\/403"}],"up":[{"embeddable":true,"href":"https:\/\/acvane.com\/index.php?rest_route=\/wp\/v2\/pages\/67"}],"wp:attachment":[{"href":"https:\/\/acvane.com\/index.php?rest_route=%2Fwp%2Fv2%2Fmedia&parent=60"}],"curies":[{"name":"wp","href":"https:\/\/api.w.org\/{rel}","templated":true}]}}