{"id":6,"date":"2016-04-17T14:29:39","date_gmt":"2016-04-17T13:29:39","guid":{"rendered":"http:\/\/acvane.com\/?page_id=6"},"modified":"2024-05-09T00:21:19","modified_gmt":"2024-05-08T22:21:19","slug":"a-propos","status":"publish","type":"page","link":"https:\/\/acvane.com\/","title":{"rendered":"a propos"},"content":{"rendered":"<p>Actualit\u00e9s:<\/p>\n<p>la derni\u00e8re Assembl\u00e9e G\u00e9n\u00e9rale s&rsquo;est tenue le 10 f\u00e9vrier 2024 \u00e0 Villedieu le Po\u00eales. Plus de renseignements<a href=\"https:\/\/acvane.com\/?page_id=37\"> ici<\/a><\/p>\n<p><strong><em>ouvrez pour en savoir plus sur l&rsquo;association: \u00a0<a href=\"https:\/\/acvane.com\/wp-content\/uploads\/2016\/12\/2016-FLYER-9.2.pdf\">2016 FLYER 9.2<\/a><\/em><\/strong><\/p>\n<p><strong><em>But\u00a0:<\/em><\/strong><\/p>\n<p>Association uniquement consacr\u00e9e \u00e0 la connaissance et \u00e0 la valorisation de l\u2019\u00e2ne, de tous les \u00e2nes, \u00e2nes d\u2019origines reconnues et d\u2019origines non reconnues. Organiser des randonn\u00e9es entre les adh\u00e9rents de l\u2019association, \u00e9tablir un calendrier, faire conna\u00eetre l\u2019\u00e2ne au travers de cette activit\u00e9, organiser des randonn\u00e9es \u00e0 th\u00e8mes, musicales, contes et l\u00e9gendes, dire de la nature, travaux de sauvegarde avec des associations bien identifi\u00e9es, pr\u00e9senter des op\u00e9rations originales et simples, mettre en valeur les \u00e2nes, faire conna\u00eetre le portage, l\u2019attelage \u00a0et la traction, propager et\/ou divulguer nos connaissances d\u2019\u00e2niers(\u00e8res), propager et\/ou divulguer nos connaissances asines, il s\u2019agit de transmettre nos connaissances asines avec s\u00e9rieux, convivialit\u00e9, efficacit\u00e9, modestie. Les activit\u00e9s terrain (b\u00e2t, attelage, traction, longues r\u00eanes), apportent et apporteront une formation basique. Chaque adh\u00e9rent(e) apportera son savoir, son exp\u00e9rience, ses connaissances l\u00e0 o\u00f9, il ou elle est le meilleur et il ou elle se sent \u00e0 l\u2019aise et efficace. L\u2019association doit \u00eatre un lieu d\u2019\u00e9change, un lieu o\u00f9 chacun a sa place en fonction de sa volont\u00e9, de son temps disponible, en fonction de ses id\u00e9es, tout en respectant celles des autres, en fonction de la ligne directrice de la dite association.<\/p>\n<p>En r\u00e9sum\u00e9\u00a0:<\/p>\n<ul>\n<li>Aider au d\u00e9veloppement et \u00e0 la connaissance de l\u2019\u00e2ne par l\u2019information, par l\u2019appui technique, par l\u2019appui sanitaire, par la r\u00e9glementation en vigueur, par le mat\u00e9riel\u2026<\/li>\n<li>Valoriser l\u2019\u00e2ne par les utilisations de loisirs, par les utilisations de travail, informer les \u00e2ni\u00e8res et les \u00e2niers\u2026<\/li>\n<li>Contribuer au d\u00e9veloppement durable, par un porter \u00e0 connaissance sur les actions d\u2019entretien d\u2019espaces naturels, d\u2019espaces b\u00e2tis et\/ou historiques, la randonn\u00e9e b\u00e2t\u00e9e et attel\u00e9e, le mara\u00eechage et bien d\u2019autres actions\u2026<\/li>\n<\/ul>\n<p><strong><em><a href=\"https:\/\/acvane.com\/?page_id=193\">Les Routes des Chiffonniers<\/a>\u00a0:<\/em><\/strong><\/p>\n<p>Nous avons repris avec notre partenaire Le Pays de la Baie du Mont Saint-Michel, ces routes de la \u00ab\u00a0petite histoire\u00a0\u00bb quotidienne et \u00e9conomique. Les chiffonniers transportaient sur leurs \u00e2nes, les restant de voiles, de cordage des bateaux de retour de la p\u00eache \u00e0 la morue, de la p\u00eache c\u00f4ti\u00e8re et du cabotage des principaux ports ou \u00e9chouages de la Manche, des chiffons et tissus en cours de route, pour les acheminer aux moulins de la vall\u00e9e de la S\u00e9e \u00e0 Brouains o\u00f9 le tissu, le chiffon \u00e9tait transform\u00e9 en papier. Nous avons ouvert une premi\u00e8re route\u00a0: Granville\/Brouains, en cours de pr\u00e9paration\u00a0: Gen\u00eats\/ Brouains puis ensuite Regn\u00e8ville sur mer\/Brouains, d\u2019autres suivront pour former un r\u00e9seau de routes \u00e0 travers le d\u00e9partement de la Manche. Outre l\u2019aspect historique, cela est pr\u00e9texte \u00e0 faire d\u00e9couvrir \u00ab\u00a0l\u2019int\u00e9rieur\u00a0\u00bb du d\u00e9partement aux familles, aux touristes curieux, aimant la ruralit\u00e9.<\/p>\n<p><strong><em>\u00a0<\/em><\/strong><strong><em>Autres actions\u00a0:<\/em><\/strong><\/p>\n<p>Nous participons \u00e9galement \u00e0 des manifestations, des randonn\u00e9es, des actions organis\u00e9es par d\u2019autres associations dans le but de faire conna\u00eetre la campagne manchoise au tourisme de famille, au tourisme aimant la ruralit\u00e9 et la simplicit\u00e9. L\u2019\u00e2ne est un merveilleux compagnon pour ce genre d\u2019actions et permet aux enfants de participer activement et aux parents de se reposer.<\/p>\n<p><strong><em>Zone g\u00e9ographique<\/em><\/strong>\u00a0: d\u00e9partement de la Manche et d\u00e9partements limitrophes\u2026.<\/p>\n<p>Le Pr\u00e9sident<\/p>\n<p>Roland GEORGES<\/p>\n<p><strong><em>\u00a0<\/em><\/strong><\/p>\n","protected":false},"excerpt":{"rendered":"<p>Actualit\u00e9s: la derni\u00e8re Assembl\u00e9e G\u00e9n\u00e9rale s&rsquo;est tenue le 10 f\u00e9vrier 2024 \u00e0 Villedieu le Po\u00eales. Plus de renseignements ici ouvrez pour en savoir plus sur l&rsquo;association: \u00a02016 FLYER 9.2 But\u00a0: Association uniquement consacr\u00e9e \u00e0 la connaissance et \u00e0 la valorisation de l\u2019\u00e2ne, de tous les \u00e2nes, \u00e2nes d\u2019origines reconnues et d\u2019origines non reconnues. Organiser des &hellip; <a href=\"https:\/\/acvane.com\/\" class=\"more-link\">Continuer la lecture<span class=\"screen-reader-text\"> de &laquo;&nbsp;a propos&nbsp;&raquo;<\/span><\/a><\/p>\n","protected":false},"author":1,"featured_media":0,"parent":0,"menu_order":0,"comment_status":"closed","ping_status":"closed","template":"","meta":{"footnotes":""},"class_list":["post-6","page","type-page","status-publish","hentry"],"_links":{"self":[{"href":"https:\/\/acvane.com\/index.php?rest_route=\/wp\/v2\/pages\/6","targetHints":{"allow":["GET"]}}],"collection":[{"href":"https:\/\/acvane.com\/index.php?rest_route=\/wp\/v2\/pages"}],"about":[{"href":"https:\/\/acvane.com\/index.php?rest_route=\/wp\/v2\/types\/page"}],"author":[{"embeddable":true,"href":"https:\/\/acvane.com\/index.php?rest_route=\/wp\/v2\/users\/1"}],"replies":[{"embeddable":true,"href":"https:\/\/acvane.com\/index.php?rest_route=%2Fwp%2Fv2%2Fcomments&post=6"}],"version-history":[{"count":9,"href":"https:\/\/acvane.com\/index.php?rest_route=\/wp\/v2\/pages\/6\/revisions"}],"predecessor-version":[{"id":435,"href":"https:\/\/acvane.com\/index.php?rest_route=\/wp\/v2\/pages\/6\/revisions\/435"}],"wp:attachment":[{"href":"https:\/\/acvane.com\/index.php?rest_route=%2Fwp%2Fv2%2Fmedia&parent=6"}],"curies":[{"name":"wp","href":"https:\/\/api.w.org\/{rel}","templated":true}]}}