{"id":409,"date":"2024-05-08T23:44:11","date_gmt":"2024-05-08T21:44:11","guid":{"rendered":"https:\/\/acvane.com\/?page_id=409"},"modified":"2024-05-08T23:44:11","modified_gmt":"2024-05-08T21:44:11","slug":"randonnee-conseil-et-equipement","status":"publish","type":"page","link":"https:\/\/acvane.com\/?page_id=409","title":{"rendered":"Randonn\u00e9e conseil et \u00e9quipement"},"content":{"rendered":"\n<p><a href=\"https:\/\/acvane.com\/wp-content\/uploads\/2024\/05\/randonnee-1-generalites.pdf\">G\u00e9n\u00e9ralit\u00e9s<\/a><\/p>\n\n\n\n<p><a href=\"https:\/\/acvane.com\/wp-content\/uploads\/2024\/05\/randonnee-2-avec-ane-bate.pdf\">avec \u00e2ne b\u00e2t\u00e9<\/a><\/p>\n\n\n\n<p><a href=\"https:\/\/acvane.com\/wp-content\/uploads\/2024\/05\/randonnee-3-equipement-pour-la-randonnee.pdf\">\u00e9quipement pour la randonn\u00e9e<\/a><\/p>\n","protected":false},"excerpt":{"rendered":"<p>G\u00e9n\u00e9ralit\u00e9s avec \u00e2ne b\u00e2t\u00e9 \u00e9quipement pour la randonn\u00e9e<\/p>\n","protected":false},"author":1,"featured_media":0,"parent":0,"menu_order":0,"comment_status":"closed","ping_status":"closed","template":"","meta":{"footnotes":""},"class_list":["post-409","page","type-page","status-publish","hentry"],"_links":{"self":[{"href":"https:\/\/acvane.com\/index.php?rest_route=\/wp\/v2\/pages\/409","targetHints":{"allow":["GET"]}}],"collection":[{"href":"https:\/\/acvane.com\/index.php?rest_route=\/wp\/v2\/pages"}],"about":[{"href":"https:\/\/acvane.com\/index.php?rest_route=\/wp\/v2\/types\/page"}],"author":[{"embeddable":true,"href":"https:\/\/acvane.com\/index.php?rest_route=\/wp\/v2\/users\/1"}],"replies":[{"embeddable":true,"href":"https:\/\/acvane.com\/index.php?rest_route=%2Fwp%2Fv2%2Fcomments&post=409"}],"version-history":[{"count":4,"href":"https:\/\/acvane.com\/index.php?rest_route=\/wp\/v2\/pages\/409\/revisions"}],"predecessor-version":[{"id":413,"href":"https:\/\/acvane.com\/index.php?rest_route=\/wp\/v2\/pages\/409\/revisions\/413"}],"wp:attachment":[{"href":"https:\/\/acvane.com\/index.php?rest_route=%2Fwp%2Fv2%2Fmedia&parent=409"}],"curies":[{"name":"wp","href":"https:\/\/api.w.org\/{rel}","templated":true}]}}